{"id":5264,"date":"2019-06-07T14:41:48","date_gmt":"2019-06-07T17:41:48","guid":{"rendered":"http:\/\/singularpartners.com\/equipe\/"},"modified":"2024-10-18T11:38:23","modified_gmt":"2024-10-18T14:38:23","slug":"people","status":"publish","type":"page","link":"https:\/\/singularpartners.com\/en\/people\/","title":{"rendered":"People"},"content":{"rendered":"<div  class=\"tatsu-HyZwOLTrlS tatsu-section  tatsu-bg-overlay   tatsu-clearfix\" data-title=\"\"  data-headerscheme=\"background--dark\"><div class='tatsu-section-pad clearfix' data-padding='{\"d\":\"0px 0px 0px 0px\"}' data-padding-top='0px'><div class=\"tatsu-row-wrap  tatsu-wrap tatsu-row-one-col tatsu-row-has-one-cols tatsu-medium-gutter tatsu-reg-cols  tatsu-clearfix tatsu-SygvdIpBgB\" ><div  class=\"tatsu-row \" ><div  class=\"tatsu-column  tatsu-bg-overlay tatsu-one-col tatsu-column-image-none tatsu-column-effect-none  tatsu-HJDuI6reB\"  data-parallax-speed=\"0\" style=\"\"><div class=\"tatsu-column-inner \" ><div class=\"tatsu-column-pad-wrap\"><div class=\"tatsu-column-pad\" >            <div class = \"tatsu-rev-slider-wrap tatsu-module  tatsu-SJTd8aSlH\">\n                \n\t\t\t<!-- START people REVOLUTION SLIDER 6.5.15 --><p class=\"rs-p-wp-fix\"><\/p>\n\t\t\t<rs-module-wrap id=\"rev_slider_12_1_wrapper\" data-source=\"gallery\" style=\"visibility:hidden;background:#333333;padding:0;margin:0px auto;margin-top:0;margin-bottom:0;\">\n\t\t\t\t<rs-module id=\"rev_slider_12_1\" style=\"\" data-version=\"6.5.15\">\n\t\t\t\t\t<rs-slides>\n\t\t\t\t\t\t<rs-slide style=\"position: absolute;\" data-key=\"rs-16\" data-title=\"Slide\" data-anim=\"ms:600;r:0;\" data-in=\"o:0;\" data-out=\"a:false;\">\n\t\t\t\t\t\t\t<img src=\"\/\/singularpartners.com\/wp-content\/plugins\/revslider\/public\/assets\/assets\/dummy.png\" alt=\"\" title=\"People\" class=\"rev-slidebg tp-rs-img rs-lazyload\" data-lazyload=\"\/\/singularpartners.com\/wp-content\/uploads\/2019\/07\/Editado.jpg\" data-no-retina>\n<!--\n\t\t\t\t\t\t\t--><rs-layer\n\t\t\t\t\t\t\t\tid=\"slider-12-slide-16-layer-5\" \n\t\t\t\t\t\t\t\tclass=\"tp-shape tp-shapewrapper\"\n\t\t\t\t\t\t\t\tdata-type=\"shape\"\n\t\t\t\t\t\t\t\tdata-rsp_ch=\"on\"\n\t\t\t\t\t\t\t\tdata-xy=\"x:c;xo:-2px,-2px,-2px,-3px;y:m;yo:0,0,0,1px;\"\n\t\t\t\t\t\t\t\tdata-text=\"fw:300;a:inherit;\"\n\t\t\t\t\t\t\t\tdata-dim=\"w:2000px,1636px,1636px,1636px;h:1097px;\"\n\t\t\t\t\t\t\t\tdata-frame_0=\"tp:600;\"\n\t\t\t\t\t\t\t\tdata-frame_1=\"tp:600;sR:10;\"\n\t\t\t\t\t\t\t\tdata-frame_999=\"o:0;tp:600;st:w;sR:8690.0006103516;\"\n\t\t\t\t\t\t\t\tstyle=\"z-index:5;background-color:rgba(0,0,0,0.5);\"\n\t\t\t\t\t\t\t> \n\t\t\t\t\t\t\t<\/rs-layer><!--\n\n\t\t\t\t\t\t\t--><rs-layer\n\t\t\t\t\t\t\t\tid=\"slider-12-slide-16-layer-7\" \n\t\t\t\t\t\t\t\tclass=\"WebProduct-Title\"\n\t\t\t\t\t\t\t\tdata-type=\"text\"\n\t\t\t\t\t\t\t\tdata-rsp_ch=\"on\"\n\t\t\t\t\t\t\t\tdata-xy=\"x:c;y:m;yo:-67px,-67px,0,-150px;\"\n\t\t\t\t\t\t\t\tdata-text=\"w:normal;s:45,45,30,26;l:56,56,45,40;fw:500,500,100,400;a:center;\"\n\t\t\t\t\t\t\t\tdata-dim=\"w:325px,325px,1116px,439px;h:auto,auto,162px,auto;\"\n\t\t\t\t\t\t\t\tdata-frame_0=\"tp:600;\"\n\t\t\t\t\t\t\t\tdata-frame_1=\"tp:600;sR:10;\"\n\t\t\t\t\t\t\t\tdata-frame_999=\"o:0;tp:600;st:w;sR:8690.0006103516;\"\n\t\t\t\t\t\t\t\tstyle=\"z-index:6;font-family:'Roboto';\"\n\t\t\t\t\t\t\t>Our Team \n\t\t\t\t\t\t\t<\/rs-layer><!--\n\n\t\t\t\t\t\t\t--><rs-layer\n\t\t\t\t\t\t\t\tid=\"slider-12-slide-16-layer-9\" \n\t\t\t\t\t\t\t\tdata-type=\"text\"\n\t\t\t\t\t\t\t\tdata-rsp_ch=\"on\"\n\t\t\t\t\t\t\t\tdata-xy=\"x:c;xo:0,0,0,3px;y:m;yo:40px,40px,40px,11px;\"\n\t\t\t\t\t\t\t\tdata-text=\"w:normal;s:20,20,20,16;l:30,30,30,26;fw:300;a:center;\"\n\t\t\t\t\t\t\t\tdata-dim=\"w:1056px,1056px,1056px,390px;\"\n\t\t\t\t\t\t\t\tdata-frame_0=\"tp:600;\"\n\t\t\t\t\t\t\t\tdata-frame_1=\"tp:600;\"\n\t\t\t\t\t\t\t\tdata-frame_999=\"o:0;tp:600;st:w;sR:8700.0006103516;\"\n\t\t\t\t\t\t\t\tstyle=\"z-index:7;font-family:'Open Sans';\"\n\t\t\t\t\t\t\t>We believe our clients and team are our most important assets. Since its inception Singular has been based on a partnership model. This permitted us to attract, retain and compensate professionals of the highest caliber.\n<br><br>\nWe are very proud of our team and their role in helping our clients\u2019 growth and providing them with the best solutions available in the financial markets. \n\t\t\t\t\t\t\t<\/rs-layer><!--\n-->\t\t\t\t\t\t<\/rs-slide>\n\t\t\t\t\t<\/rs-slides>\n\t\t\t\t<\/rs-module>\n\t\t\t\t<script>\n\t\t\t\t\tsetREVStartSize({c: 'rev_slider_12_1',rl:[1240,1024,778,480],el:[400,650,650,650],gw:[1160,1160,778,480],gh:[400,650,650,650],type:'hero',justify:'',layout:'fullwidth',mh:\"0\"});if (window.RS_MODULES!==undefined && window.RS_MODULES.modules!==undefined && window.RS_MODULES.modules[\"revslider121\"]!==undefined) {window.RS_MODULES.modules[\"revslider121\"].once = false;window.revapi12 = undefined;if (window.RS_MODULES.checkMinimal!==undefined) window.RS_MODULES.checkMinimal()}\n\t\t\t\t<\/script>\n\t\t\t<\/rs-module-wrap>\n\t\t\t<!-- END REVOLUTION SLIDER -->\n            <\/div>\n<\/div><\/div><div class = \"tatsu-column-bg-image-wrap\"><div class = \"tatsu-column-bg-image tatsu-bg-lazyload\" data-src = \"\"><\/div><\/div><div class=\"tatsu-overlay tatsu-column-overlay tatsu-animate-none\" ><\/div><\/div><style>.tatsu-row > .tatsu-HJDuI6reB.tatsu-column{width: 100%;}.tatsu-HJDuI6reB.tatsu-column > .tatsu-column-inner > .tatsu-column-overlay{mix-blend-mode: normal;}.tatsu-HJDuI6reB > .tatsu-column-inner > .tatsu-top-divider{z-index: 9999;}.tatsu-HJDuI6reB > .tatsu-column-inner > .tatsu-bottom-divider{z-index: 9999;}.tatsu-HJDuI6reB > .tatsu-column-inner > .tatsu-left-divider{z-index: 9999;}.tatsu-HJDuI6reB > .tatsu-column-inner > .tatsu-right-divider{z-index: 9999;}@media only screen and (max-width:1377px) {.tatsu-row > .tatsu-HJDuI6reB.tatsu-column{width: 100%;}}@media only screen and (min-width:768px) and (max-width: 1024px) {.tatsu-row > .tatsu-HJDuI6reB.tatsu-column{width: 100%;}}@media only screen and (max-width: 767px) {.tatsu-row > .tatsu-HJDuI6reB.tatsu-column{width: 100%;}}<\/style><\/div><\/div><\/div><\/div><div class=\"tatsu-section-background-wrap\"><div class = \"tatsu-section-background tatsu-bg-lazyload\" data-src = \"\"><\/div><\/div><div class=\"tatsu-overlay tatsu-section-overlay\"><\/div><style>.tatsu-HyZwOLTrlS .tatsu-section-offset-wrap{transform: translateY(-0px);}.tatsu-HyZwOLTrlS > .tatsu-bottom-divider{z-index: 9999;}.tatsu-HyZwOLTrlS > .tatsu-top-divider{z-index: 9999;}.tatsu-HyZwOLTrlS .tatsu-section-overlay{mix-blend-mode: normal;}<\/style><\/div><div  class=\"tatsu-HkytZs1gr tatsu-section    tatsu-clearfix\" data-title=\"\"  data-headerscheme=\"background--dark\"><div class='tatsu-section-pad clearfix' data-padding='{\"d\":\"90px 0px 90px 0px \"}' data-padding-top='90px'><div class=\"tatsu-row-wrap  tatsu-wrap tatsu-row-one-col tatsu-row-has-one-cols tatsu-large-gutter tatsu-reg-cols  tatsu-clearfix tatsu-HJlytZjJeH\" ><style>.tatsu-HJlytZjJeH.tatsu-row-wrap > .tatsu-row{padding: 0px 7% 0px 7% ;}@media only screen and (min-width:768px) and (max-width: 1024px) {.tatsu-HJlytZjJeH.tatsu-row-wrap > .tatsu-row{padding: 0px 0% 0px 0%;}}@media only screen and (max-width: 767px) {.tatsu-HJlytZjJeH.tatsu-row-wrap > .tatsu-row{padding: 0px 0% 0px 0%;}}<\/style><div  class=\"tatsu-row \" ><div  class=\"tatsu-column  tatsu-column-no-bg tatsu-one-col tatsu-column-align-middle tatsu-column-image-none tatsu-column-effect-none  tatsu-SJRYWjJxS\"  data-parallax-speed=\"0\" style=\"\"><div class=\"tatsu-column-inner \" ><div class=\"tatsu-column-pad-wrap\"><div class=\"tatsu-column-pad\" ><div  class=\"tatsu-module tatsu-accordion tatsu-accordion-style1 tatsu-SJrkY-o1gH   \"  ><style>.tatsu-SJrkY-o1gH .accordion-content.ui-accordion-content{border-color: #CACACA; }.tatsu-SJrkY-o1gH .accordion-head.ui-accordion-header{border-color: #CACACA; }.tatsu-SJrkY-o1gH.tatsu-module{margin: 0 0 60px 0;}<\/style><div data-collapsed=\"1\" class = \"tatsu-accordion-inner\"><h3 class=\"accordion-head h5\">Armando Sereno<span class = \"tatsu-accordion-expand\"><\/span><\/h3><div class = \"accordion-content body\" ><div class = \"accordion-content-inner \">\n<p class=\"texto\"><a style=\"color: #002a57;\" href=\"mailto:sereno@singularpartners.com\">sereno@singularpartners.com<\/a><\/p>\n<p>Before founding Singular in February 2003, Armando Sereno served as a Director in CSFB\u2019s investment banking office in Brazil for almost 5 years. From 1994 until 1998, he acted as a senior investment banking officer at Banco de Investimentos Garantia focusing on M&#038;A, equity and debt underwriting and structured transactions. Before joining Garantia, he was the Business Development Director of Arbi Group, coordinating its M&#038;A transactions in the insurance industry as well as the management of the acquired companies. From 1989 to 1991, he served as a consultant at Accenture (Andersen Consulting) in the financial institutions group.<\/p>\n<p>He has a BSc degree in Telecommunication Engineering from the Military Institute of Engineering and a post-graduate degree from New York University.<\/p>\n<p><a href=\"http:\/\/www.linkedin.com\/in\/armando-sereno-664089b0\"><img loading=\"lazy\" class=\"alignnone size-full wp-image-5614\" src=\"https:\/\/singularpartners.com\/wp-content\/uploads\/2019\/07\/002-linkedin-1.png\" alt=\"\" width=\"32\" height=\"32\"><\/a><\/p>\n<\/div><\/div><h3 class=\"accordion-head h5\">Gregor Martins<span class = \"tatsu-accordion-expand\"><\/span><\/h3><div class = \"accordion-content body\" ><div class = \"accordion-content-inner \">\n<p class=\"texto\"><a href=\"mailto:gregor@singularpartners.com\">gregor@singularpartners.com<\/a><\/p>\n<p>Before joining Singular in April 2005, Gregor worked at Banco Modal for 2 years. He acted as an Analyst in the Investment Banking team, responsible for M&#038;A, capital raising and structured deals. He also worked in the Corporate Finance Group. Prior to Banco Modal, he worked in the macroeconomics analysis group at MCM Consultores Associados.<\/p>\n<p>Gregor holds a BA degree in Economics from Instituto Brasileiro de Mercados de Capitais (IBMEC).<\/p>\n<p><a href=\"http:\/\/www.linkedin.com\/in\/gregor-martins-98539252\"><img loading=\"lazy\" class=\"alignnone size-full wp-image-5614\" src=\"https:\/\/singularpartners.com\/wp-content\/uploads\/2019\/07\/002-linkedin-1.png\" alt=\"\" width=\"32\" height=\"32\"><\/a><\/p>\n<\/div><\/div><h3 class=\"accordion-head h5\">Luciano Ferreira<span class = \"tatsu-accordion-expand\"><\/span><\/h3><div class = \"accordion-content body\" ><div class = \"accordion-content-inner \">\n<p><a href=\"luciano@singularpartners.com\">luciano@singularpartners.com<\/a><\/p>\n<p>Prior to joining Singular in 2022, Luciano served as an M&#038;A Analyst at Wiz Solu\u00e7\u00f5es. Previously, he worked in the Accounting team at Alcoa Inc. Luciano holds a B.Sc. in Business Administration from Pontif\u00edcia Universidade Cat\u00f3lica de Minas Gerais (PUC-MG), with a degree in Finance from I\u00c9SEG School of Management.<\/p>\n<p><a href=\"https:\/\/www.linkedin.com\/in\/luciano-aur%C3%A9lio-ferreira\/\"><img loading=\"lazy\" class=\"alignnone wp-image-5614 size-full\" src=\"https:\/\/singularpartners.com\/wp-content\/uploads\/2019\/07\/002-linkedin-1.png\" alt=\"\" width=\"32\" height=\"32\" \/><\/a><\/p>\n<\/div><\/div><h3 class=\"accordion-head h5\">Leonardo Carvalho<span class = \"tatsu-accordion-expand\"><\/span><\/h3><div class = \"accordion-content body\" ><div class = \"accordion-content-inner \">\n<p><a href=\"leonardo@singularpartners.com\">leonardo@singularpartners.com<\/a><\/p>\n<p>Prior to joining Singular in 2023, Leonardo served as an Investment Banking Analyst at Xherpa Investment Banking. Previously, he worked as an M&#038;A Analyst at Dikaios and integrated the Structured Finance team at a55. Leonardo holds a B.Sc. in Business Administration from Insper, as well as a specialization in International Management from EU Business School.<\/p>\n<p><a href=\"https:\/\/www.linkedin.com\/in\/leonardo-carvalho-768b09116\/\"><img loading=\"lazy\" class=\"alignnone wp-image-5614 size-full\" src=\"https:\/\/singularpartners.com\/wp-content\/uploads\/2019\/07\/002-linkedin-1.png\" alt=\"\" width=\"32\" height=\"32\" \/><\/a><\/p>\n<\/div><\/div><h3 class=\"accordion-head h5\">Andr\u00e9 Lisboa<span class = \"tatsu-accordion-expand\"><\/span><\/h3><div class = \"accordion-content body\" ><div class = \"accordion-content-inner \">\n<p><a href=\"andre@singularpartners.com\">andre@singularpartners.com<\/a><\/p>\n<p>Before joining Singular in 2023, Andr\u00e9 served as an Investment Banking Analyst at Xherpa Investment Banking. Previously, he worked with Asset Management and Project Finance at Delta Energia Asset Management. Andr\u00e9 holds a B.Sc. in Business Administration from FGV &#8211; EAESP, as well as a specialization in International Management from EU Business School.<\/p>\n<p><a href=\"https:\/\/www.linkedin.com\/in\/andrelisboaw\/\"><img loading=\"lazy\" class=\"alignnone wp-image-5614 size-full\" src=\"https:\/\/singularpartners.com\/wp-content\/uploads\/2019\/07\/002-linkedin-1.png\" alt=\"\" width=\"32\" height=\"32\" \/><\/a><\/p>\n<\/div><\/div><h3 class=\"accordion-head h5\">Jo\u00e3o Almeida<span class = \"tatsu-accordion-expand\"><\/span><\/h3><div class = \"accordion-content body\" ><div class = \"accordion-content-inner \">\n<p><a href=\"joao@singularpartners.com\">joao@singularpartners.com<\/a><\/p>\n<p>Jo\u00e3o joined Singular as an Intern in 2023 and currently works as an Analyst. Previously, he worked in the Credit and Fixed Income team at MMZR Family Office. Jo\u00e3o holds a B.Sc. in Business Administration and Economics from Insper.<\/p>\n<p><a href=\"https:\/\/br.linkedin.com\/in\/jo%C3%A3o-almeida-342b9917b\"><img loading=\"lazy\" class=\"alignnone wp-image-5614 size-full\" src=\"https:\/\/singularpartners.com\/wp-content\/uploads\/2019\/07\/002-linkedin-1.png\" alt=\"\" width=\"32\" height=\"32\" \/><\/a><\/p>\n<\/div><\/div><\/div><\/div><\/div><\/div><div class = \"tatsu-column-bg-image-wrap\"><div class = \"tatsu-column-bg-image tatsu-bg-lazyload\" data-src = \"\"><\/div><\/div><\/div><style>.tatsu-row > .tatsu-SJRYWjJxS.tatsu-column{width: 100%;}.tatsu-SJRYWjJxS.tatsu-column > .tatsu-column-inner > .tatsu-column-overlay{mix-blend-mode: none;}.tatsu-SJRYWjJxS > .tatsu-column-inner > .tatsu-top-divider{z-index: 9999;}.tatsu-SJRYWjJxS > .tatsu-column-inner > .tatsu-bottom-divider{z-index: 9999;}.tatsu-SJRYWjJxS > .tatsu-column-inner > .tatsu-left-divider{z-index: 9999;}.tatsu-SJRYWjJxS > .tatsu-column-inner > .tatsu-right-divider{z-index: 9999;}@media only screen and (max-width:1377px) {.tatsu-row > .tatsu-SJRYWjJxS.tatsu-column{width: 100%;}}@media only screen and (min-width:768px) and (max-width: 1024px) {.tatsu-row > .tatsu-SJRYWjJxS.tatsu-column{width: 100%;}}@media only screen and (max-width: 767px) {.tatsu-row > .tatsu-SJRYWjJxS.tatsu-column{width: 100%;}}<\/style><\/div><\/div><\/div><\/div><div class=\"tatsu-section-background-wrap\"><div class = \"tatsu-section-background tatsu-bg-lazyload\" data-src = \"\"><\/div><\/div><style>.tatsu-HkytZs1gr.tatsu-section{background-color: rgba(255,255,255,1);}.tatsu-HkytZs1gr .tatsu-section-pad{padding: 90px 0px 90px 0px ;}.tatsu-HkytZs1gr > .tatsu-bottom-divider{z-index: 9999;}.tatsu-HkytZs1gr > .tatsu-top-divider{z-index: 9999;}<\/style><\/div>\n","protected":false},"excerpt":{"rendered":"<div><a href=\"https:\/\/singularpartners.com\/en\/people\/\" class=\"exp-read-more exp-read-more-underlined\">Read More<\/a><\/div>\n","protected":false},"author":1,"featured_media":0,"parent":0,"menu_order":0,"comment_status":"closed","ping_status":"closed","template":"","meta":[],"_links":{"self":[{"href":"https:\/\/singularpartners.com\/en\/wp-json\/wp\/v2\/pages\/5264"}],"collection":[{"href":"https:\/\/singularpartners.com\/en\/wp-json\/wp\/v2\/pages"}],"about":[{"href":"https:\/\/singularpartners.com\/en\/wp-json\/wp\/v2\/types\/page"}],"author":[{"embeddable":true,"href":"https:\/\/singularpartners.com\/en\/wp-json\/wp\/v2\/users\/1"}],"replies":[{"embeddable":true,"href":"https:\/\/singularpartners.com\/en\/wp-json\/wp\/v2\/comments?post=5264"}],"version-history":[{"count":56,"href":"https:\/\/singularpartners.com\/en\/wp-json\/wp\/v2\/pages\/5264\/revisions"}],"predecessor-version":[{"id":7408,"href":"https:\/\/singularpartners.com\/en\/wp-json\/wp\/v2\/pages\/5264\/revisions\/7408"}],"wp:attachment":[{"href":"https:\/\/singularpartners.com\/en\/wp-json\/wp\/v2\/media?parent=5264"}],"curies":[{"name":"wp","href":"https:\/\/api.w.org\/{rel}","templated":true}]}}